{"id":57,"date":"2019-09-12T23:03:23","date_gmt":"2019-09-12T23:03:23","guid":{"rendered":"http:\/\/ricie.org\/?page_id=57"},"modified":"2019-09-12T23:03:23","modified_gmt":"2019-09-12T23:03:23","slug":"miembros-honorarios","status":"publish","type":"page","link":"https:\/\/ricie.unicyt.edu.pa\/index.php\/miembros-honorarios\/","title":{"rendered":"Miembros honorarios"},"content":{"rendered":"\n<p>Rector William C. N\u00fa\u00f1ez Alarc\u00f3n<br><a href=\"http:\/\/www.idi-unicyt.org\/noticias-2\/\" target=\"_blank\" rel=\"noreferrer noopener\"><em>Universidad Internacional de Ciencia y Tecnolog\u00eda<\/em><\/a><\/p>\n\n\n\n<p>Rectora Xiomara de Arrocha<br><a href=\"http:\/\/www.isaeuniversidad.ac.pa\/primer-congreso-de-creatividad-e-innovacion-en-educacion\/\" target=\"_blank\" rel=\"noreferrer noopener\"><em>ISAE Universidad<\/em><\/a><\/p>\n\n\n\n<p>Rectora Liliana Pi\u00f1ero<br><a href=\"http:\/\/www.uea.edu.pa\/investigacion\" target=\"_blank\" rel=\"noreferrer noopener\"><em>Universidad Euroamericana<\/em><\/a><\/p>\n\n\n\n<p>Rector Oscar Le\u00f3n<br><a href=\"https:\/\/qlu.ac.pa\/registrate-para-el-primer-congreso-de-creatividad-e-innovacion-en-educacion-2019\/\" target=\"_blank\" rel=\"noreferrer noopener\"><em>Quality Leadership University<\/em><\/a><\/p>\n\n\n\n<p>Rectora Ver\u00f3nica Arce de Barrios<br><a href=\"http:\/\/www.uam.ac.pa\/1er-congreso-de-creatividad-e-innovacion-en-educacion\/\" target=\"_blank\" rel=\"noreferrer noopener\"><em>Universidad Americana<\/em><\/a><\/p>\n\n\n\n<p>Rectora Mirna de Crespo<br><a href=\"https:\/\/www.ulatina.edu.pa\/apps\/events\/2019\/5\/?id=0\" target=\"_blank\" rel=\"noreferrer noopener\"><em>Universidad Latina de Panam\u00e1<\/em><\/a><\/p>\n\n\n\n<p>Rectora Adriana Angarita<br><a href=\"https:\/\/www.udelistmo.edu\/content\/congreso\" target=\"_blank\" rel=\"noreferrer noopener\"><em>Universidad del Istmo<\/em><\/a><\/p>\n\n\n\n<p>Rectora Prudencia R. de Delgado<br><a href=\"http:\/\/www.ucp.ac.pa\/1er-congreso-creatividad-innovacion-en-educacion\/\" target=\"_blank\" rel=\"noreferrer noopener\"><em>Universidad Cristiana de Panam\u00e1<\/em><\/a><\/p>\n\n\n\n<p>Rector William Rodr\u00edguez Garc\u00eda<br><a href=\"https:\/\/ucaribe.edu.pa\/inicio\/noticias\/199-i-congreso-de-creatividad-e-innovacion-en-educacion\" target=\"_blank\" rel=\"noreferrer noopener\"><em>Universidad del Caribe<\/em><\/a><\/p>\n\n\n\n<p>Rector Vicente Amable Moreno<br><a href=\"https:\/\/unesca.com\/noticias\/programa-i-congreso-de-creatividad-e-innovacion-en-educacion-cie-panama-2019\/\" target=\"_blank\" rel=\"noreferrer noopener\"><em>Universidad Nuestra Se\u00f1ora del Carmen<\/em><\/a><\/p>\n","protected":false},"excerpt":{"rendered":"<p>Rector William C. N\u00fa\u00f1ez Alarc\u00f3nUniversidad Internacional de Ciencia y Tecnolog\u00eda Rectora Xiomara de ArrochaISAE Universidad Rectora Liliana Pi\u00f1eroUniversidad Euroamericana Rector Oscar Le\u00f3nQuality Leadership University Rectora Ver\u00f3nica Arce de BarriosUniversidad Americana Rectora Mirna de CrespoUniversidad Latina de Panam\u00e1 Rectora Adriana AngaritaUniversidad del Istmo Rectora Prudencia R. de DelgadoUniversidad Cristiana de Panam\u00e1 Rector William Rodr\u00edguez Garc\u00edaUniversidad del Caribe Rector Vicente Amable MorenoUniversidad Nuestra Se\u00f1ora del Carmen<\/p>\n","protected":false},"author":1,"featured_media":0,"parent":0,"menu_order":0,"comment_status":"closed","ping_status":"closed","template":"page-full.php","meta":{"_monsterinsights_skip_tracking":false,"_monsterinsights_sitenote_active":false,"_monsterinsights_sitenote_note":"","_monsterinsights_sitenote_category":0,"footnotes":""},"class_list":["post-57","page","type-page","status-publish","hentry"],"jetpack_sharing_enabled":true,"_links":{"self":[{"href":"https:\/\/ricie.unicyt.edu.pa\/index.php\/wp-json\/wp\/v2\/pages\/57","targetHints":{"allow":["GET"]}}],"collection":[{"href":"https:\/\/ricie.unicyt.edu.pa\/index.php\/wp-json\/wp\/v2\/pages"}],"about":[{"href":"https:\/\/ricie.unicyt.edu.pa\/index.php\/wp-json\/wp\/v2\/types\/page"}],"author":[{"embeddable":true,"href":"https:\/\/ricie.unicyt.edu.pa\/index.php\/wp-json\/wp\/v2\/users\/1"}],"replies":[{"embeddable":true,"href":"https:\/\/ricie.unicyt.edu.pa\/index.php\/wp-json\/wp\/v2\/comments?post=57"}],"version-history":[{"count":1,"href":"https:\/\/ricie.unicyt.edu.pa\/index.php\/wp-json\/wp\/v2\/pages\/57\/revisions"}],"predecessor-version":[{"id":58,"href":"https:\/\/ricie.unicyt.edu.pa\/index.php\/wp-json\/wp\/v2\/pages\/57\/revisions\/58"}],"wp:attachment":[{"href":"https:\/\/ricie.unicyt.edu.pa\/index.php\/wp-json\/wp\/v2\/media?parent=57"}],"curies":[{"name":"wp","href":"https:\/\/api.w.org\/{rel}","templated":true}]}}