{"id":68,"date":"2019-09-12T23:09:06","date_gmt":"2019-09-12T23:09:06","guid":{"rendered":"http:\/\/ricie.org\/?page_id=68"},"modified":"2019-09-12T23:09:06","modified_gmt":"2019-09-12T23:09:06","slug":"miembros-especiales","status":"publish","type":"page","link":"https:\/\/ricie.unicyt.edu.pa\/index.php\/miembros-especiales\/","title":{"rendered":"Miembros especiales"},"content":{"rendered":"\n<p>Cecilia Osuna<br><a href=\"http:\/\/www.idi-unicyt.org\/noticias-2\/\" target=\"_blank\" rel=\"noreferrer noopener\"><em>Universidad Internacional de Ciencia y Tecnolog\u00eda<\/em><\/a><\/p>\n\n\n\n<p>Concepci\u00f3n Velez<br><a href=\"http:\/\/www.idi-unicyt.org\/noticias-2\/\" target=\"_blank\" rel=\"noreferrer noopener\"><em>Universidad Internacional de Ciencia y Tecnolog\u00eda<\/em><\/a><\/p>\n\n\n\n<p>Erick Ramos<br><a href=\"http:\/\/www.idi-unicyt.org\/noticias-2\/\" target=\"_blank\" rel=\"noreferrer noopener\"><em>Universidad Internacional de Ciencia y Tecnolog\u00eda<\/em><\/a><\/p>\n\n\n\n<p>Carlos Yabichella<br><a href=\"http:\/\/www.idi-unicyt.org\/noticias-2\/\" target=\"_blank\" rel=\"noreferrer noopener\"><em>Universidad Internacional de Ciencia y Tecnolog\u00eda<\/em><\/a><\/p>\n\n\n\n<p>Mariana Le\u00f3n<br><a href=\"https:\/\/qlu.ac.pa\/registrate-para-el-primer-congreso-de-creatividad-e-innovacion-en-educacion-2019\/\" target=\"_blank\" rel=\"noreferrer noopener\"><em>Quality Leadership University<\/em><\/a><\/p>\n\n\n\n<p>Andrea Miranda<br><a href=\"https:\/\/qlu.ac.pa\/registrate-para-el-primer-congreso-de-creatividad-e-innovacion-en-educacion-2019\/\" target=\"_blank\" rel=\"noreferrer noopener\"><em>Quality Leadership University<\/em><\/a><\/p>\n\n\n\n<p>Sorayda Rinc\u00f3n<br><em>Universidad del Arte GANEXA<\/em><\/p>\n\n\n\n<p>Norbis Mujica<br><a href=\"http:\/\/www.uea.edu.pa\/investigacion\" target=\"_blank\" rel=\"noreferrer noopener\"><em>Universidad Euroamericana<\/em><\/a><\/p>\n\n\n\n<p>Elizabeth De Freitas<br><a href=\"http:\/\/www.isaeuniversidad.ac.pa\/primer-congreso-de-creatividad-e-innovacion-en-educacion\/\" target=\"_blank\" rel=\"noreferrer noopener\"><em>ISAE Universidad<\/em><\/a><\/p>\n\n\n\n<p>Sebasti\u00e1n Reyes<br><a href=\"http:\/\/www.isaeuniversidad.ac.pa\/primer-congreso-de-creatividad-e-innovacion-en-educacion\/\" target=\"_blank\" rel=\"noreferrer noopener\"><em>ISAE Universidad<\/em><\/a><\/p>\n\n\n\n<p>Zoleida Liendo<br><em>Universidad Metropolitana de Educaci\u00f3n, Ciencia y Tecnolog\u00eda<\/em><\/p>\n\n\n\n<p>Ivonne C. Harvey L\u00f3pez<br><em>Sistema de las Naciones Unidas-UNOPS|Per\u00fa<\/em><\/p>\n\n\n\n<p>Luis Luis<br><a href=\"http:\/\/www.uam.ac.pa\/1er-congreso-de-creatividad-e-innovacion-en-educacion\/\" target=\"_blank\" rel=\"noreferrer noopener\"><em>Universidad Americana<\/em><\/a><\/p>\n\n\n\n<p>Yelitza Campos<br><a href=\"http:\/\/www.uam.ac.pa\/1er-congreso-de-creatividad-e-innovacion-en-educacion\/\" target=\"_blank\" rel=\"noreferrer noopener\"><em>Universidad Americana<\/em><\/a><\/p>\n\n\n\n<p>Elsa de Tirado<br><a href=\"https:\/\/www.ulatina.edu.pa\/apps\/events\/2019\/5\/?id=0\" target=\"_blank\" rel=\"noreferrer noopener\"><em>Universidad Latina de Panam\u00e1<\/em><\/a><\/p>\n\n\n\n<p>Maricarmen Soto<br><a href=\"https:\/\/www.ulatina.edu.pa\/apps\/events\/2019\/5\/?id=0\" target=\"_blank\" rel=\"noreferrer noopener\"><em>Universidad Latina de Panam\u00e1<\/em><\/a><br><a href=\"http:\/\/www.idi-unicyt.org\/noticias-2\/\" target=\"_blank\" rel=\"noreferrer noopener\"><em>Universidad Internacional de Ciencia y Tecnolog\u00eda<\/em><\/a><\/p>\n","protected":false},"excerpt":{"rendered":"<p>Cecilia OsunaUniversidad Internacional de Ciencia y Tecnolog\u00eda Concepci\u00f3n VelezUniversidad Internacional de Ciencia y Tecnolog\u00eda Erick RamosUniversidad Internacional de Ciencia y Tecnolog\u00eda Carlos YabichellaUniversidad Internacional de Ciencia y Tecnolog\u00eda Mariana Le\u00f3nQuality Leadership University Andrea MirandaQuality Leadership University Sorayda Rinc\u00f3nUniversidad del Arte GANEXA Norbis MujicaUniversidad Euroamericana Elizabeth De FreitasISAE Universidad Sebasti\u00e1n ReyesISAE Universidad Zoleida LiendoUniversidad Metropolitana de Educaci\u00f3n, Ciencia y Tecnolog\u00eda Ivonne C. Harvey L\u00f3pezSistema de las Naciones Unidas-UNOPS|Per\u00fa Luis LuisUniversidad Americana Yelitza CamposUniversidad Americana Elsa de TiradoUniversidad Latina de Panam\u00e1 Maricarmen SotoUniversidad Latina de Panam\u00e1Universidad Internacional de Ciencia y Tecnolog\u00eda<\/p>\n","protected":false},"author":1,"featured_media":0,"parent":0,"menu_order":0,"comment_status":"closed","ping_status":"closed","template":"page-full.php","meta":{"_monsterinsights_skip_tracking":false,"_monsterinsights_sitenote_active":false,"_monsterinsights_sitenote_note":"","_monsterinsights_sitenote_category":0,"footnotes":""},"class_list":["post-68","page","type-page","status-publish","hentry"],"jetpack_sharing_enabled":true,"_links":{"self":[{"href":"https:\/\/ricie.unicyt.edu.pa\/index.php\/wp-json\/wp\/v2\/pages\/68","targetHints":{"allow":["GET"]}}],"collection":[{"href":"https:\/\/ricie.unicyt.edu.pa\/index.php\/wp-json\/wp\/v2\/pages"}],"about":[{"href":"https:\/\/ricie.unicyt.edu.pa\/index.php\/wp-json\/wp\/v2\/types\/page"}],"author":[{"embeddable":true,"href":"https:\/\/ricie.unicyt.edu.pa\/index.php\/wp-json\/wp\/v2\/users\/1"}],"replies":[{"embeddable":true,"href":"https:\/\/ricie.unicyt.edu.pa\/index.php\/wp-json\/wp\/v2\/comments?post=68"}],"version-history":[{"count":1,"href":"https:\/\/ricie.unicyt.edu.pa\/index.php\/wp-json\/wp\/v2\/pages\/68\/revisions"}],"predecessor-version":[{"id":69,"href":"https:\/\/ricie.unicyt.edu.pa\/index.php\/wp-json\/wp\/v2\/pages\/68\/revisions\/69"}],"wp:attachment":[{"href":"https:\/\/ricie.unicyt.edu.pa\/index.php\/wp-json\/wp\/v2\/media?parent=68"}],"curies":[{"name":"wp","href":"https:\/\/api.w.org\/{rel}","templated":true}]}}